{"id":19,"date":"2025-04-24T18:59:45","date_gmt":"2025-04-24T16:59:45","guid":{"rendered":"http:\/\/swtabxr.cluster100.hosting.ovh.net\/?page_id=19"},"modified":"2025-05-19T15:24:09","modified_gmt":"2025-05-19T13:24:09","slug":"demenagement","status":"publish","type":"page","link":"https:\/\/dem-scm.com\/index.php\/demenagement\/","title":{"rendered":"D\u00e9m\u00e9nagement"},"content":{"rendered":"\t\t<div data-elementor-type=\"wp-page\" data-elementor-id=\"19\" class=\"elementor elementor-19\">\n\t\t\t\t<div class=\"elementor-element elementor-element-4ea77d5 e-flex e-con-boxed e-con e-parent\" data-id=\"4ea77d5\" data-element_type=\"container\" data-e-type=\"container\">\n\t\t\t\t\t<div class=\"e-con-inner\">\n\t\t<div class=\"elementor-element elementor-element-4172baa e-con-full e-flex e-con e-child\" data-id=\"4172baa\" data-element_type=\"container\" data-e-type=\"container\">\n\t\t\t\t<div class=\"elementor-element elementor-element-183973d elementor-widget elementor-widget-text-editor\" data-id=\"183973d\" data-element_type=\"widget\" data-e-type=\"widget\" data-widget_type=\"text-editor.default\">\n\t\t\t\t<div class=\"elementor-widget-container\">\n\t\t\t\t\t\t\t\t\t<p>Chez SCM-D\u00e9m\u00e9nagement, votre partenaire de confiance pour tous vos d\u00e9m\u00e9nagements professionnels, nous comprenons l&rsquo;importance d&rsquo;une transition fluide et efficace pour votre entreprise.<\/p><p>Notre \u00e9quipe d&rsquo;experts met \u00e0 votre disposition un service personnalis\u00e9, adapt\u00e9 \u00e0 vos besoins sp\u00e9cifiques, que ce soit pour le d\u00e9m\u00e9nagement de bureaux, d&rsquo;ateliers, de sites industriels ou de locaux commerciaux. Nous utilisons des techniques et des \u00e9quipements modernes pour assurer la s\u00e9curit\u00e9 de vos \u00e9quipements, documents et mobiliers, tout en respectant vos d\u00e9lais et votre organisation.<\/p><p>Notre priorit\u00e9 est de minimiser l&rsquo;impact de votre d\u00e9m\u00e9nagement sur votre activit\u00e9, en vous offrant un service discret, fiable et efficace. Nous nous engageons \u00e0 rendre cette \u00e9tape aussi simple et sereine que possible, pour que vous puissiez reprendre votre activit\u00e9 rapidement et sans souci.<\/p>\t\t\t\t\t\t\t\t<\/div>\n\t\t\t\t<\/div>\n\t\t\t\t<\/div>\n\t\t<div class=\"elementor-element elementor-element-f52037f e-con-full e-flex e-con e-child\" data-id=\"f52037f\" data-element_type=\"container\" data-e-type=\"container\">\n\t\t\t\t<div class=\"elementor-element elementor-element-6ee7646 elementor-widget elementor-widget-image\" data-id=\"6ee7646\" data-element_type=\"widget\" data-e-type=\"widget\" data-widget_type=\"image.default\">\n\t\t\t\t<div class=\"elementor-widget-container\">\n\t\t\t\t\t\t\t\t\t\t\t\t\t\t\t<img fetchpriority=\"high\" decoding=\"async\" width=\"1024\" height=\"1024\" src=\"https:\/\/dem-scm.com\/wp-content\/uploads\/2025\/05\/Publication-Linkedin-Site-internet-en-construction-moderne-illustration-bleu-1024x1024.png\" class=\"attachment-large size-large wp-image-369\" alt=\"\" srcset=\"https:\/\/dem-scm.com\/wp-content\/uploads\/2025\/05\/Publication-Linkedin-Site-internet-en-construction-moderne-illustration-bleu-1024x1024.png 1024w, https:\/\/dem-scm.com\/wp-content\/uploads\/2025\/05\/Publication-Linkedin-Site-internet-en-construction-moderne-illustration-bleu-300x300.png 300w, https:\/\/dem-scm.com\/wp-content\/uploads\/2025\/05\/Publication-Linkedin-Site-internet-en-construction-moderne-illustration-bleu-150x150.png 150w, https:\/\/dem-scm.com\/wp-content\/uploads\/2025\/05\/Publication-Linkedin-Site-internet-en-construction-moderne-illustration-bleu-768x768.png 768w, https:\/\/dem-scm.com\/wp-content\/uploads\/2025\/05\/Publication-Linkedin-Site-internet-en-construction-moderne-illustration-bleu-600x600.png 600w, https:\/\/dem-scm.com\/wp-content\/uploads\/2025\/05\/Publication-Linkedin-Site-internet-en-construction-moderne-illustration-bleu.png 1200w\" sizes=\"(max-width: 1024px) 100vw, 1024px\" \/>\t\t\t\t\t\t\t\t\t\t\t\t\t\t\t<\/div>\n\t\t\t\t<\/div>\n\t\t\t\t<\/div>\n\t\t<div class=\"elementor-element elementor-element-67489da e-con-full e-flex e-con e-child\" data-id=\"67489da\" data-element_type=\"container\" data-e-type=\"container\">\n\t\t\t\t<div class=\"elementor-element elementor-element-350c442 elementor-widget elementor-widget-image\" data-id=\"350c442\" data-element_type=\"widget\" data-e-type=\"widget\" data-widget_type=\"image.default\">\n\t\t\t\t<div class=\"elementor-widget-container\">\n\t\t\t\t\t\t\t\t\t\t\t\t\t\t\t<img fetchpriority=\"high\" decoding=\"async\" width=\"1024\" height=\"1024\" src=\"https:\/\/dem-scm.com\/wp-content\/uploads\/2025\/05\/Publication-Linkedin-Site-internet-en-construction-moderne-illustration-bleu-1024x1024.png\" class=\"attachment-large size-large wp-image-369\" alt=\"\" srcset=\"https:\/\/dem-scm.com\/wp-content\/uploads\/2025\/05\/Publication-Linkedin-Site-internet-en-construction-moderne-illustration-bleu-1024x1024.png 1024w, https:\/\/dem-scm.com\/wp-content\/uploads\/2025\/05\/Publication-Linkedin-Site-internet-en-construction-moderne-illustration-bleu-300x300.png 300w, https:\/\/dem-scm.com\/wp-content\/uploads\/2025\/05\/Publication-Linkedin-Site-internet-en-construction-moderne-illustration-bleu-150x150.png 150w, https:\/\/dem-scm.com\/wp-content\/uploads\/2025\/05\/Publication-Linkedin-Site-internet-en-construction-moderne-illustration-bleu-768x768.png 768w, https:\/\/dem-scm.com\/wp-content\/uploads\/2025\/05\/Publication-Linkedin-Site-internet-en-construction-moderne-illustration-bleu-600x600.png 600w, https:\/\/dem-scm.com\/wp-content\/uploads\/2025\/05\/Publication-Linkedin-Site-internet-en-construction-moderne-illustration-bleu.png 1200w\" sizes=\"(max-width: 1024px) 100vw, 1024px\" \/>\t\t\t\t\t\t\t\t\t\t\t\t\t\t\t<\/div>\n\t\t\t\t<\/div>\n\t\t\t\t<\/div>\n\t\t<div class=\"elementor-element elementor-element-b75c124 e-con-full e-flex e-con e-child\" data-id=\"b75c124\" data-element_type=\"container\" data-e-type=\"container\">\n\t\t\t\t<div class=\"elementor-element elementor-element-1a7fbf6 elementor-widget elementor-widget-text-editor\" data-id=\"1a7fbf6\" data-element_type=\"widget\" data-e-type=\"widget\" data-widget_type=\"text-editor.default\">\n\t\t\t\t<div class=\"elementor-widget-container\">\n\t\t\t\t\t\t\t\t\t<p>Chez SCM-D\u00e9m\u00e9nagement, votre partenaire de confiance pour le d\u00e9m\u00e9nagement de vos \u00e9quipements informatiques, nous comprenons l&rsquo;importance de la s\u00e9curit\u00e9, de la confidentialit\u00e9 et de la continuit\u00e9 de votre activit\u00e9 lors de tout transfert de mat\u00e9riel informatique.<\/p><p>Nous mettons \u00e0 votre disposition des solutions sur mesure pour le d\u00e9placement de serveurs, de centres de donn\u00e9es, de postes de travail, de r\u00e9seaux et d\u2019\u00e9quipements sensibles. Nous utilisons des techniques et des \u00e9quipements sp\u00e9cialis\u00e9s pour assurer une manipulation d\u00e9licate, une protection optimale et une reprise rapide de vos syst\u00e8mes.<\/p><p>Notre priorit\u00e9 est de minimiser les risques et les interruptions, en garantissant un d\u00e9m\u00e9nagement s\u00e9curis\u00e9, discret et efficace. Nous nous engageons \u00e0 respecter vos d\u00e9lais et \u00e0 vous accompagner \u00e0 chaque \u00e9tape pour que votre transition informatique se fasse en toute s\u00e9r\u00e9nit\u00e9.<\/p>\t\t\t\t\t\t\t\t<\/div>\n\t\t\t\t<\/div>\n\t\t\t\t<\/div>\n\t\t\t\t\t<\/div>\n\t\t\t\t<\/div>\n\t\t\t\t<\/div>\n\t\t","protected":false},"excerpt":{"rendered":"<p>Chez SCM-D\u00e9m\u00e9nagement, votre partenaire de confiance pour tous vos d\u00e9m\u00e9nagements professionnels, nous comprenons l&rsquo;importance d&rsquo;une transition fluide et efficace pour votre entreprise. Notre \u00e9quipe d&rsquo;experts met \u00e0 votre disposition un service personnalis\u00e9, adapt\u00e9 \u00e0 vos besoins sp\u00e9cifiques, que ce soit pour le d\u00e9m\u00e9nagement de bureaux, d&rsquo;ateliers, de sites industriels ou de locaux commerciaux. Nous utilisons [&hellip;]<\/p>\n","protected":false},"author":1,"featured_media":0,"parent":0,"menu_order":0,"comment_status":"closed","ping_status":"closed","template":"","meta":{"ocean_post_layout":"","ocean_both_sidebars_style":"","ocean_both_sidebars_content_width":0,"ocean_both_sidebars_sidebars_width":0,"ocean_sidebar":"","ocean_second_sidebar":"","ocean_disable_margins":"enable","ocean_add_body_class":"","ocean_shortcode_before_top_bar":"","ocean_shortcode_after_top_bar":"","ocean_shortcode_before_header":"","ocean_shortcode_after_header":"","ocean_has_shortcode":"","ocean_shortcode_after_title":"","ocean_shortcode_before_footer_widgets":"","ocean_shortcode_after_footer_widgets":"","ocean_shortcode_before_footer_bottom":"","ocean_shortcode_after_footer_bottom":"","ocean_display_top_bar":"default","ocean_display_header":"default","ocean_header_style":"","ocean_center_header_left_menu":"","ocean_custom_header_template":"","ocean_custom_logo":0,"ocean_custom_retina_logo":0,"ocean_custom_logo_max_width":0,"ocean_custom_logo_tablet_max_width":0,"ocean_custom_logo_mobile_max_width":0,"ocean_custom_logo_max_height":0,"ocean_custom_logo_tablet_max_height":0,"ocean_custom_logo_mobile_max_height":0,"ocean_header_custom_menu":"","ocean_menu_typo_font_family":"","ocean_menu_typo_font_subset":"","ocean_menu_typo_font_size":0,"ocean_menu_typo_font_size_tablet":0,"ocean_menu_typo_font_size_mobile":0,"ocean_menu_typo_font_size_unit":"px","ocean_menu_typo_font_weight":"","ocean_menu_typo_font_weight_tablet":"","ocean_menu_typo_font_weight_mobile":"","ocean_menu_typo_transform":"","ocean_menu_typo_transform_tablet":"","ocean_menu_typo_transform_mobile":"","ocean_menu_typo_line_height":0,"ocean_menu_typo_line_height_tablet":0,"ocean_menu_typo_line_height_mobile":0,"ocean_menu_typo_line_height_unit":"","ocean_menu_typo_spacing":0,"ocean_menu_typo_spacing_tablet":0,"ocean_menu_typo_spacing_mobile":0,"ocean_menu_typo_spacing_unit":"","ocean_menu_link_color":"","ocean_menu_link_color_hover":"","ocean_menu_link_color_active":"","ocean_menu_link_background":"","ocean_menu_link_hover_background":"","ocean_menu_link_active_background":"","ocean_menu_social_links_bg":"","ocean_menu_social_hover_links_bg":"","ocean_menu_social_links_color":"","ocean_menu_social_hover_links_color":"","ocean_disable_title":"default","ocean_disable_heading":"default","ocean_post_title":"","ocean_post_subheading":"","ocean_post_title_style":"","ocean_post_title_background_color":"","ocean_post_title_background":0,"ocean_post_title_bg_image_position":"","ocean_post_title_bg_image_attachment":"","ocean_post_title_bg_image_repeat":"","ocean_post_title_bg_image_size":"","ocean_post_title_height":0,"ocean_post_title_bg_overlay":0.5,"ocean_post_title_bg_overlay_color":"","ocean_disable_breadcrumbs":"default","ocean_breadcrumbs_color":"","ocean_breadcrumbs_separator_color":"","ocean_breadcrumbs_links_color":"","ocean_breadcrumbs_links_hover_color":"","ocean_display_footer_widgets":"default","ocean_display_footer_bottom":"default","ocean_custom_footer_template":"","_joinchat":[],"footnotes":""},"class_list":["post-19","page","type-page","status-publish","hentry","entry"],"yoast_head":"<!-- This site is optimized with the Yoast SEO plugin v26.0 - https:\/\/yoast.com\/wordpress\/plugins\/seo\/ -->\n<title>D\u00e9m\u00e9nagement - SCM-D\u00e9m\u00e9nagement<\/title>\n<meta name=\"robots\" content=\"index, follow, max-snippet:-1, max-image-preview:large, max-video-preview:-1\" \/>\n<link rel=\"canonical\" href=\"https:\/\/dem-scm.com\/index.php\/demenagement\/\" \/>\n<meta property=\"og:locale\" content=\"fr_FR\" \/>\n<meta property=\"og:type\" content=\"article\" \/>\n<meta property=\"og:title\" content=\"D\u00e9m\u00e9nagement - SCM-D\u00e9m\u00e9nagement\" \/>\n<meta property=\"og:description\" content=\"Chez SCM-D\u00e9m\u00e9nagement, votre partenaire de confiance pour tous vos d\u00e9m\u00e9nagements professionnels, nous comprenons l&rsquo;importance d&rsquo;une transition fluide et efficace pour votre entreprise. Notre \u00e9quipe d&rsquo;experts met \u00e0 votre disposition un service personnalis\u00e9, adapt\u00e9 \u00e0 vos besoins sp\u00e9cifiques, que ce soit pour le d\u00e9m\u00e9nagement de bureaux, d&rsquo;ateliers, de sites industriels ou de locaux commerciaux. Nous utilisons [&hellip;]\" \/>\n<meta property=\"og:url\" content=\"https:\/\/dem-scm.com\/index.php\/demenagement\/\" \/>\n<meta property=\"og:site_name\" content=\"SCM-D\u00e9m\u00e9nagement\" \/>\n<meta property=\"article:modified_time\" content=\"2025-05-19T13:24:09+00:00\" \/>\n<meta property=\"og:image\" content=\"https:\/\/dem-scm.com\/wp-content\/uploads\/2025\/05\/Publication-Linkedin-Site-internet-en-construction-moderne-illustration-bleu.png\" \/>\n\t<meta property=\"og:image:width\" content=\"1200\" \/>\n\t<meta property=\"og:image:height\" content=\"1200\" \/>\n\t<meta property=\"og:image:type\" content=\"image\/png\" \/>\n<meta name=\"twitter:card\" content=\"summary_large_image\" \/>\n<meta name=\"twitter:label1\" content=\"Dur\u00e9e de lecture estim\u00e9e\" \/>\n\t<meta name=\"twitter:data1\" content=\"2 minutes\" \/>\n<script type=\"application\/ld+json\" class=\"yoast-schema-graph\">{\"@context\":\"https:\/\/schema.org\",\"@graph\":[{\"@type\":\"WebPage\",\"@id\":\"https:\/\/dem-scm.com\/index.php\/demenagement\/\",\"url\":\"https:\/\/dem-scm.com\/index.php\/demenagement\/\",\"name\":\"D\u00e9m\u00e9nagement - SCM-D\u00e9m\u00e9nagement\",\"isPartOf\":{\"@id\":\"https:\/\/dem-scm.com\/#website\"},\"primaryImageOfPage\":{\"@id\":\"https:\/\/dem-scm.com\/index.php\/demenagement\/#primaryimage\"},\"image\":{\"@id\":\"https:\/\/dem-scm.com\/index.php\/demenagement\/#primaryimage\"},\"thumbnailUrl\":\"https:\/\/dem-scm.com\/wp-content\/uploads\/2025\/05\/Publication-Linkedin-Site-internet-en-construction-moderne-illustration-bleu-1024x1024.png\",\"datePublished\":\"2025-04-24T16:59:45+00:00\",\"dateModified\":\"2025-05-19T13:24:09+00:00\",\"breadcrumb\":{\"@id\":\"https:\/\/dem-scm.com\/index.php\/demenagement\/#breadcrumb\"},\"inLanguage\":\"fr-FR\",\"potentialAction\":[{\"@type\":\"ReadAction\",\"target\":[\"https:\/\/dem-scm.com\/index.php\/demenagement\/\"]}]},{\"@type\":\"ImageObject\",\"inLanguage\":\"fr-FR\",\"@id\":\"https:\/\/dem-scm.com\/index.php\/demenagement\/#primaryimage\",\"url\":\"https:\/\/dem-scm.com\/wp-content\/uploads\/2025\/05\/Publication-Linkedin-Site-internet-en-construction-moderne-illustration-bleu.png\",\"contentUrl\":\"https:\/\/dem-scm.com\/wp-content\/uploads\/2025\/05\/Publication-Linkedin-Site-internet-en-construction-moderne-illustration-bleu.png\",\"width\":1200,\"height\":1200},{\"@type\":\"BreadcrumbList\",\"@id\":\"https:\/\/dem-scm.com\/index.php\/demenagement\/#breadcrumb\",\"itemListElement\":[{\"@type\":\"ListItem\",\"position\":1,\"name\":\"Accueil\",\"item\":\"https:\/\/dem-scm.com\/\"},{\"@type\":\"ListItem\",\"position\":2,\"name\":\"D\u00e9m\u00e9nagement\"}]},{\"@type\":\"WebSite\",\"@id\":\"https:\/\/dem-scm.com\/#website\",\"url\":\"https:\/\/dem-scm.com\/\",\"name\":\"SCM-D\u00e9m\u00e9nagement\",\"description\":\"Soci\u00e9t\u00e9 de d\u00e9m\u00e9nagement pour professionnel et particulier \u00e0 Paris et en \u00cele-de-France\",\"publisher\":{\"@id\":\"https:\/\/dem-scm.com\/#organization\"},\"potentialAction\":[{\"@type\":\"SearchAction\",\"target\":{\"@type\":\"EntryPoint\",\"urlTemplate\":\"https:\/\/dem-scm.com\/?s={search_term_string}\"},\"query-input\":{\"@type\":\"PropertyValueSpecification\",\"valueRequired\":true,\"valueName\":\"search_term_string\"}}],\"inLanguage\":\"fr-FR\"},{\"@type\":\"Organization\",\"@id\":\"https:\/\/dem-scm.com\/#organization\",\"name\":\"SCM-D\u00e9m\u00e9nagement\",\"url\":\"https:\/\/dem-scm.com\/\",\"logo\":{\"@type\":\"ImageObject\",\"inLanguage\":\"fr-FR\",\"@id\":\"https:\/\/dem-scm.com\/#\/schema\/logo\/image\/\",\"url\":\"https:\/\/dem-scm.com\/wp-content\/uploads\/2025\/04\/cropped-scm-demengament-1.png\",\"contentUrl\":\"https:\/\/dem-scm.com\/wp-content\/uploads\/2025\/04\/cropped-scm-demengament-1.png\",\"width\":499,\"height\":137,\"caption\":\"SCM-D\u00e9m\u00e9nagement\"},\"image\":{\"@id\":\"https:\/\/dem-scm.com\/#\/schema\/logo\/image\/\"}}]}<\/script>\n<!-- \/ Yoast SEO plugin. -->","yoast_head_json":{"title":"D\u00e9m\u00e9nagement - SCM-D\u00e9m\u00e9nagement","robots":{"index":"index","follow":"follow","max-snippet":"max-snippet:-1","max-image-preview":"max-image-preview:large","max-video-preview":"max-video-preview:-1"},"canonical":"https:\/\/dem-scm.com\/index.php\/demenagement\/","og_locale":"fr_FR","og_type":"article","og_title":"D\u00e9m\u00e9nagement - SCM-D\u00e9m\u00e9nagement","og_description":"Chez SCM-D\u00e9m\u00e9nagement, votre partenaire de confiance pour tous vos d\u00e9m\u00e9nagements professionnels, nous comprenons l&rsquo;importance d&rsquo;une transition fluide et efficace pour votre entreprise. Notre \u00e9quipe d&rsquo;experts met \u00e0 votre disposition un service personnalis\u00e9, adapt\u00e9 \u00e0 vos besoins sp\u00e9cifiques, que ce soit pour le d\u00e9m\u00e9nagement de bureaux, d&rsquo;ateliers, de sites industriels ou de locaux commerciaux. Nous utilisons [&hellip;]","og_url":"https:\/\/dem-scm.com\/index.php\/demenagement\/","og_site_name":"SCM-D\u00e9m\u00e9nagement","article_modified_time":"2025-05-19T13:24:09+00:00","og_image":[{"width":1200,"height":1200,"url":"https:\/\/dem-scm.com\/wp-content\/uploads\/2025\/05\/Publication-Linkedin-Site-internet-en-construction-moderne-illustration-bleu.png","type":"image\/png"}],"twitter_card":"summary_large_image","twitter_misc":{"Dur\u00e9e de lecture estim\u00e9e":"2 minutes"},"schema":{"@context":"https:\/\/schema.org","@graph":[{"@type":"WebPage","@id":"https:\/\/dem-scm.com\/index.php\/demenagement\/","url":"https:\/\/dem-scm.com\/index.php\/demenagement\/","name":"D\u00e9m\u00e9nagement - SCM-D\u00e9m\u00e9nagement","isPartOf":{"@id":"https:\/\/dem-scm.com\/#website"},"primaryImageOfPage":{"@id":"https:\/\/dem-scm.com\/index.php\/demenagement\/#primaryimage"},"image":{"@id":"https:\/\/dem-scm.com\/index.php\/demenagement\/#primaryimage"},"thumbnailUrl":"https:\/\/dem-scm.com\/wp-content\/uploads\/2025\/05\/Publication-Linkedin-Site-internet-en-construction-moderne-illustration-bleu-1024x1024.png","datePublished":"2025-04-24T16:59:45+00:00","dateModified":"2025-05-19T13:24:09+00:00","breadcrumb":{"@id":"https:\/\/dem-scm.com\/index.php\/demenagement\/#breadcrumb"},"inLanguage":"fr-FR","potentialAction":[{"@type":"ReadAction","target":["https:\/\/dem-scm.com\/index.php\/demenagement\/"]}]},{"@type":"ImageObject","inLanguage":"fr-FR","@id":"https:\/\/dem-scm.com\/index.php\/demenagement\/#primaryimage","url":"https:\/\/dem-scm.com\/wp-content\/uploads\/2025\/05\/Publication-Linkedin-Site-internet-en-construction-moderne-illustration-bleu.png","contentUrl":"https:\/\/dem-scm.com\/wp-content\/uploads\/2025\/05\/Publication-Linkedin-Site-internet-en-construction-moderne-illustration-bleu.png","width":1200,"height":1200},{"@type":"BreadcrumbList","@id":"https:\/\/dem-scm.com\/index.php\/demenagement\/#breadcrumb","itemListElement":[{"@type":"ListItem","position":1,"name":"Accueil","item":"https:\/\/dem-scm.com\/"},{"@type":"ListItem","position":2,"name":"D\u00e9m\u00e9nagement"}]},{"@type":"WebSite","@id":"https:\/\/dem-scm.com\/#website","url":"https:\/\/dem-scm.com\/","name":"SCM-D\u00e9m\u00e9nagement","description":"Soci\u00e9t\u00e9 de d\u00e9m\u00e9nagement pour professionnel et particulier \u00e0 Paris et en \u00cele-de-France","publisher":{"@id":"https:\/\/dem-scm.com\/#organization"},"potentialAction":[{"@type":"SearchAction","target":{"@type":"EntryPoint","urlTemplate":"https:\/\/dem-scm.com\/?s={search_term_string}"},"query-input":{"@type":"PropertyValueSpecification","valueRequired":true,"valueName":"search_term_string"}}],"inLanguage":"fr-FR"},{"@type":"Organization","@id":"https:\/\/dem-scm.com\/#organization","name":"SCM-D\u00e9m\u00e9nagement","url":"https:\/\/dem-scm.com\/","logo":{"@type":"ImageObject","inLanguage":"fr-FR","@id":"https:\/\/dem-scm.com\/#\/schema\/logo\/image\/","url":"https:\/\/dem-scm.com\/wp-content\/uploads\/2025\/04\/cropped-scm-demengament-1.png","contentUrl":"https:\/\/dem-scm.com\/wp-content\/uploads\/2025\/04\/cropped-scm-demengament-1.png","width":499,"height":137,"caption":"SCM-D\u00e9m\u00e9nagement"},"image":{"@id":"https:\/\/dem-scm.com\/#\/schema\/logo\/image\/"}}]}},"_links":{"self":[{"href":"https:\/\/dem-scm.com\/index.php\/wp-json\/wp\/v2\/pages\/19","targetHints":{"allow":["GET"]}}],"collection":[{"href":"https:\/\/dem-scm.com\/index.php\/wp-json\/wp\/v2\/pages"}],"about":[{"href":"https:\/\/dem-scm.com\/index.php\/wp-json\/wp\/v2\/types\/page"}],"author":[{"embeddable":true,"href":"https:\/\/dem-scm.com\/index.php\/wp-json\/wp\/v2\/users\/1"}],"replies":[{"embeddable":true,"href":"https:\/\/dem-scm.com\/index.php\/wp-json\/wp\/v2\/comments?post=19"}],"version-history":[{"count":10,"href":"https:\/\/dem-scm.com\/index.php\/wp-json\/wp\/v2\/pages\/19\/revisions"}],"predecessor-version":[{"id":381,"href":"https:\/\/dem-scm.com\/index.php\/wp-json\/wp\/v2\/pages\/19\/revisions\/381"}],"wp:attachment":[{"href":"https:\/\/dem-scm.com\/index.php\/wp-json\/wp\/v2\/media?parent=19"}],"curies":[{"name":"wp","href":"https:\/\/api.w.org\/{rel}","templated":true}]}}