{"id":17,"date":"2025-04-24T18:59:06","date_gmt":"2025-04-24T16:59:06","guid":{"rendered":"http:\/\/swtabxr.cluster100.hosting.ovh.net\/?page_id=17"},"modified":"2025-05-19T15:17:42","modified_gmt":"2025-05-19T13:17:42","slug":"conservation-de-patrimoine","status":"publish","type":"page","link":"https:\/\/dem-scm.com\/index.php\/conservation-de-patrimoine\/","title":{"rendered":"Conservation de patrimoine"},"content":{"rendered":"\t\t<div data-elementor-type=\"wp-page\" data-elementor-id=\"17\" class=\"elementor elementor-17\">\n\t\t\t\t<div class=\"elementor-element elementor-element-0a3cb40 e-flex e-con-boxed e-con e-parent\" data-id=\"0a3cb40\" data-element_type=\"container\" data-e-type=\"container\">\n\t\t\t\t\t<div class=\"e-con-inner\">\n\t\t<div class=\"elementor-element elementor-element-88f164f e-con-full e-flex e-con e-child\" data-id=\"88f164f\" data-element_type=\"container\" data-e-type=\"container\">\n\t\t\t\t<div class=\"elementor-element elementor-element-1e31c85 elementor-widget elementor-widget-image\" data-id=\"1e31c85\" data-element_type=\"widget\" data-e-type=\"widget\" data-widget_type=\"image.default\">\n\t\t\t\t<div class=\"elementor-widget-container\">\n\t\t\t\t\t\t\t\t\t\t\t\t\t\t\t<img fetchpriority=\"high\" decoding=\"async\" width=\"1024\" height=\"1024\" src=\"https:\/\/dem-scm.com\/wp-content\/uploads\/2025\/05\/Publication-Linkedin-Site-internet-en-construction-moderne-illustration-bleu-1024x1024.png\" class=\"attachment-large size-large wp-image-369\" alt=\"\" srcset=\"https:\/\/dem-scm.com\/wp-content\/uploads\/2025\/05\/Publication-Linkedin-Site-internet-en-construction-moderne-illustration-bleu-1024x1024.png 1024w, https:\/\/dem-scm.com\/wp-content\/uploads\/2025\/05\/Publication-Linkedin-Site-internet-en-construction-moderne-illustration-bleu-300x300.png 300w, https:\/\/dem-scm.com\/wp-content\/uploads\/2025\/05\/Publication-Linkedin-Site-internet-en-construction-moderne-illustration-bleu-150x150.png 150w, https:\/\/dem-scm.com\/wp-content\/uploads\/2025\/05\/Publication-Linkedin-Site-internet-en-construction-moderne-illustration-bleu-768x768.png 768w, https:\/\/dem-scm.com\/wp-content\/uploads\/2025\/05\/Publication-Linkedin-Site-internet-en-construction-moderne-illustration-bleu-600x600.png 600w, https:\/\/dem-scm.com\/wp-content\/uploads\/2025\/05\/Publication-Linkedin-Site-internet-en-construction-moderne-illustration-bleu.png 1200w\" sizes=\"(max-width: 1024px) 100vw, 1024px\" \/>\t\t\t\t\t\t\t\t\t\t\t\t\t\t\t<\/div>\n\t\t\t\t<\/div>\n\t\t\t\t<\/div>\n\t\t<div class=\"elementor-element elementor-element-193cc13 e-con-full e-flex e-con e-child\" data-id=\"193cc13\" data-element_type=\"container\" data-e-type=\"container\">\n\t\t\t\t<div class=\"elementor-element elementor-element-bcc1543 elementor-widget elementor-widget-text-editor\" data-id=\"bcc1543\" data-element_type=\"widget\" data-e-type=\"widget\" data-widget_type=\"text-editor.default\">\n\t\t\t\t<div class=\"elementor-widget-container\">\n\t\t\t\t\t\t\t\t\t<p>Forts de plus de 30 ans d&rsquo;expertise reconnue dans la gestion et la protection de biens pr\u00e9cieux, nous proposons des solutions sur mesure pour pr\u00e9server vos actifs, qu&rsquo;il s&rsquo;agisse d&rsquo;objets d&rsquo;art, de documents importants, de bijoux ou d&rsquo;autres biens de valeur.<\/p>\n<p>Notre \u00e9quipe d\u00e9vou\u00e9e met \u00e0 votre disposition des espaces de stockage modernes, s\u00e9curis\u00e9s et adapt\u00e9s \u00e0 tous types de patrimoines. Nous assurons une surveillance 24\/7, un contr\u00f4le rigoureux et un acc\u00e8s s\u00e9curis\u00e9 pour garantir la confidentialit\u00e9 et la protection de vos biens.<\/p>\n<p>Chez SCM-D\u00e9m\u00e9nagement, notre priorit\u00e9 est de vous offrir un service fiable, discret et personnalis\u00e9, afin que vous puissiez avoir l&rsquo;esprit tranquille en confiant la garde de votre patrimoine \u00e0 des professionnels.<\/p>\t\t\t\t\t\t\t\t<\/div>\n\t\t\t\t<\/div>\n\t\t\t\t<\/div>\n\t\t\t\t\t<\/div>\n\t\t\t\t<\/div>\n\t\t\t\t<\/div>\n\t\t","protected":false},"excerpt":{"rendered":"<p>Forts de plus de 30 ans d&rsquo;expertise reconnue dans la gestion et la protection de biens pr\u00e9cieux, nous proposons des solutions sur mesure pour pr\u00e9server vos actifs, qu&rsquo;il s&rsquo;agisse d&rsquo;objets d&rsquo;art, de documents importants, de bijoux ou d&rsquo;autres biens de valeur. Notre \u00e9quipe d\u00e9vou\u00e9e met \u00e0 votre disposition des espaces de stockage modernes, s\u00e9curis\u00e9s et [&hellip;]<\/p>\n","protected":false},"author":1,"featured_media":0,"parent":0,"menu_order":0,"comment_status":"closed","ping_status":"closed","template":"","meta":{"ocean_post_layout":"","ocean_both_sidebars_style":"","ocean_both_sidebars_content_width":0,"ocean_both_sidebars_sidebars_width":0,"ocean_sidebar":"","ocean_second_sidebar":"","ocean_disable_margins":"enable","ocean_add_body_class":"","ocean_shortcode_before_top_bar":"","ocean_shortcode_after_top_bar":"","ocean_shortcode_before_header":"","ocean_shortcode_after_header":"","ocean_has_shortcode":"","ocean_shortcode_after_title":"","ocean_shortcode_before_footer_widgets":"","ocean_shortcode_after_footer_widgets":"","ocean_shortcode_before_footer_bottom":"","ocean_shortcode_after_footer_bottom":"","ocean_display_top_bar":"default","ocean_display_header":"default","ocean_header_style":"","ocean_center_header_left_menu":"","ocean_custom_header_template":"","ocean_custom_logo":0,"ocean_custom_retina_logo":0,"ocean_custom_logo_max_width":0,"ocean_custom_logo_tablet_max_width":0,"ocean_custom_logo_mobile_max_width":0,"ocean_custom_logo_max_height":0,"ocean_custom_logo_tablet_max_height":0,"ocean_custom_logo_mobile_max_height":0,"ocean_header_custom_menu":"","ocean_menu_typo_font_family":"","ocean_menu_typo_font_subset":"","ocean_menu_typo_font_size":0,"ocean_menu_typo_font_size_tablet":0,"ocean_menu_typo_font_size_mobile":0,"ocean_menu_typo_font_size_unit":"px","ocean_menu_typo_font_weight":"","ocean_menu_typo_font_weight_tablet":"","ocean_menu_typo_font_weight_mobile":"","ocean_menu_typo_transform":"","ocean_menu_typo_transform_tablet":"","ocean_menu_typo_transform_mobile":"","ocean_menu_typo_line_height":0,"ocean_menu_typo_line_height_tablet":0,"ocean_menu_typo_line_height_mobile":0,"ocean_menu_typo_line_height_unit":"","ocean_menu_typo_spacing":0,"ocean_menu_typo_spacing_tablet":0,"ocean_menu_typo_spacing_mobile":0,"ocean_menu_typo_spacing_unit":"","ocean_menu_link_color":"","ocean_menu_link_color_hover":"","ocean_menu_link_color_active":"","ocean_menu_link_background":"","ocean_menu_link_hover_background":"","ocean_menu_link_active_background":"","ocean_menu_social_links_bg":"","ocean_menu_social_hover_links_bg":"","ocean_menu_social_links_color":"","ocean_menu_social_hover_links_color":"","ocean_disable_title":"default","ocean_disable_heading":"default","ocean_post_title":"","ocean_post_subheading":"","ocean_post_title_style":"","ocean_post_title_background_color":"","ocean_post_title_background":0,"ocean_post_title_bg_image_position":"","ocean_post_title_bg_image_attachment":"","ocean_post_title_bg_image_repeat":"","ocean_post_title_bg_image_size":"","ocean_post_title_height":0,"ocean_post_title_bg_overlay":0.5,"ocean_post_title_bg_overlay_color":"","ocean_disable_breadcrumbs":"default","ocean_breadcrumbs_color":"","ocean_breadcrumbs_separator_color":"","ocean_breadcrumbs_links_color":"","ocean_breadcrumbs_links_hover_color":"","ocean_display_footer_widgets":"default","ocean_display_footer_bottom":"default","ocean_custom_footer_template":"","_joinchat":[],"footnotes":""},"class_list":["post-17","page","type-page","status-publish","hentry","entry"],"yoast_head":"<!-- This site is optimized with the Yoast SEO plugin v26.0 - https:\/\/yoast.com\/wordpress\/plugins\/seo\/ -->\n<title>Conservation de patrimoine - SCM-D\u00e9m\u00e9nagement<\/title>\n<meta name=\"description\" content=\"SCM-D\u00e9m\u00e9nagement est fort d&#039;une expertise reconnue dans la gestion et la protection de biens pr\u00e9cieux pour pr\u00e9server vos actifs\" \/>\n<meta name=\"robots\" content=\"index, follow, max-snippet:-1, max-image-preview:large, max-video-preview:-1\" \/>\n<link rel=\"canonical\" href=\"https:\/\/dem-scm.com\/index.php\/conservation-de-patrimoine\/\" \/>\n<meta property=\"og:locale\" content=\"fr_FR\" \/>\n<meta property=\"og:type\" content=\"article\" \/>\n<meta property=\"og:title\" content=\"Conservation de patrimoine - SCM-D\u00e9m\u00e9nagement\" \/>\n<meta property=\"og:description\" content=\"SCM-D\u00e9m\u00e9nagement est fort d&#039;une expertise reconnue dans la gestion et la protection de biens pr\u00e9cieux pour pr\u00e9server vos actifs\" \/>\n<meta property=\"og:url\" content=\"https:\/\/dem-scm.com\/index.php\/conservation-de-patrimoine\/\" \/>\n<meta property=\"og:site_name\" content=\"SCM-D\u00e9m\u00e9nagement\" \/>\n<meta property=\"article:modified_time\" content=\"2025-05-19T13:17:42+00:00\" \/>\n<meta property=\"og:image\" content=\"https:\/\/dem-scm.com\/wp-content\/uploads\/2025\/05\/Publication-Linkedin-Site-internet-en-construction-moderne-illustration-bleu.png\" \/>\n\t<meta property=\"og:image:width\" content=\"1200\" \/>\n\t<meta property=\"og:image:height\" content=\"1200\" \/>\n\t<meta property=\"og:image:type\" content=\"image\/png\" \/>\n<meta name=\"twitter:card\" content=\"summary_large_image\" \/>\n<meta name=\"twitter:label1\" content=\"Dur\u00e9e de lecture estim\u00e9e\" \/>\n\t<meta name=\"twitter:data1\" content=\"1 minute\" \/>\n<script type=\"application\/ld+json\" class=\"yoast-schema-graph\">{\"@context\":\"https:\/\/schema.org\",\"@graph\":[{\"@type\":\"WebPage\",\"@id\":\"https:\/\/dem-scm.com\/index.php\/conservation-de-patrimoine\/\",\"url\":\"https:\/\/dem-scm.com\/index.php\/conservation-de-patrimoine\/\",\"name\":\"Conservation de patrimoine - SCM-D\u00e9m\u00e9nagement\",\"isPartOf\":{\"@id\":\"https:\/\/dem-scm.com\/#website\"},\"primaryImageOfPage\":{\"@id\":\"https:\/\/dem-scm.com\/index.php\/conservation-de-patrimoine\/#primaryimage\"},\"image\":{\"@id\":\"https:\/\/dem-scm.com\/index.php\/conservation-de-patrimoine\/#primaryimage\"},\"thumbnailUrl\":\"https:\/\/dem-scm.com\/wp-content\/uploads\/2025\/05\/Publication-Linkedin-Site-internet-en-construction-moderne-illustration-bleu-1024x1024.png\",\"datePublished\":\"2025-04-24T16:59:06+00:00\",\"dateModified\":\"2025-05-19T13:17:42+00:00\",\"description\":\"SCM-D\u00e9m\u00e9nagement est fort d'une expertise reconnue dans la gestion et la protection de biens pr\u00e9cieux pour pr\u00e9server vos actifs\",\"breadcrumb\":{\"@id\":\"https:\/\/dem-scm.com\/index.php\/conservation-de-patrimoine\/#breadcrumb\"},\"inLanguage\":\"fr-FR\",\"potentialAction\":[{\"@type\":\"ReadAction\",\"target\":[\"https:\/\/dem-scm.com\/index.php\/conservation-de-patrimoine\/\"]}]},{\"@type\":\"ImageObject\",\"inLanguage\":\"fr-FR\",\"@id\":\"https:\/\/dem-scm.com\/index.php\/conservation-de-patrimoine\/#primaryimage\",\"url\":\"https:\/\/dem-scm.com\/wp-content\/uploads\/2025\/05\/Publication-Linkedin-Site-internet-en-construction-moderne-illustration-bleu.png\",\"contentUrl\":\"https:\/\/dem-scm.com\/wp-content\/uploads\/2025\/05\/Publication-Linkedin-Site-internet-en-construction-moderne-illustration-bleu.png\",\"width\":1200,\"height\":1200},{\"@type\":\"BreadcrumbList\",\"@id\":\"https:\/\/dem-scm.com\/index.php\/conservation-de-patrimoine\/#breadcrumb\",\"itemListElement\":[{\"@type\":\"ListItem\",\"position\":1,\"name\":\"Accueil\",\"item\":\"https:\/\/dem-scm.com\/\"},{\"@type\":\"ListItem\",\"position\":2,\"name\":\"Conservation de patrimoine\"}]},{\"@type\":\"WebSite\",\"@id\":\"https:\/\/dem-scm.com\/#website\",\"url\":\"https:\/\/dem-scm.com\/\",\"name\":\"SCM-D\u00e9m\u00e9nagement\",\"description\":\"Soci\u00e9t\u00e9 de d\u00e9m\u00e9nagement pour professionnel et particulier \u00e0 Paris et en \u00cele-de-France\",\"publisher\":{\"@id\":\"https:\/\/dem-scm.com\/#organization\"},\"potentialAction\":[{\"@type\":\"SearchAction\",\"target\":{\"@type\":\"EntryPoint\",\"urlTemplate\":\"https:\/\/dem-scm.com\/?s={search_term_string}\"},\"query-input\":{\"@type\":\"PropertyValueSpecification\",\"valueRequired\":true,\"valueName\":\"search_term_string\"}}],\"inLanguage\":\"fr-FR\"},{\"@type\":\"Organization\",\"@id\":\"https:\/\/dem-scm.com\/#organization\",\"name\":\"SCM-D\u00e9m\u00e9nagement\",\"url\":\"https:\/\/dem-scm.com\/\",\"logo\":{\"@type\":\"ImageObject\",\"inLanguage\":\"fr-FR\",\"@id\":\"https:\/\/dem-scm.com\/#\/schema\/logo\/image\/\",\"url\":\"https:\/\/dem-scm.com\/wp-content\/uploads\/2025\/04\/cropped-scm-demengament-1.png\",\"contentUrl\":\"https:\/\/dem-scm.com\/wp-content\/uploads\/2025\/04\/cropped-scm-demengament-1.png\",\"width\":499,\"height\":137,\"caption\":\"SCM-D\u00e9m\u00e9nagement\"},\"image\":{\"@id\":\"https:\/\/dem-scm.com\/#\/schema\/logo\/image\/\"}}]}<\/script>\n<!-- \/ Yoast SEO plugin. -->","yoast_head_json":{"title":"Conservation de patrimoine - SCM-D\u00e9m\u00e9nagement","description":"SCM-D\u00e9m\u00e9nagement est fort d'une expertise reconnue dans la gestion et la protection de biens pr\u00e9cieux pour pr\u00e9server vos actifs","robots":{"index":"index","follow":"follow","max-snippet":"max-snippet:-1","max-image-preview":"max-image-preview:large","max-video-preview":"max-video-preview:-1"},"canonical":"https:\/\/dem-scm.com\/index.php\/conservation-de-patrimoine\/","og_locale":"fr_FR","og_type":"article","og_title":"Conservation de patrimoine - SCM-D\u00e9m\u00e9nagement","og_description":"SCM-D\u00e9m\u00e9nagement est fort d'une expertise reconnue dans la gestion et la protection de biens pr\u00e9cieux pour pr\u00e9server vos actifs","og_url":"https:\/\/dem-scm.com\/index.php\/conservation-de-patrimoine\/","og_site_name":"SCM-D\u00e9m\u00e9nagement","article_modified_time":"2025-05-19T13:17:42+00:00","og_image":[{"width":1200,"height":1200,"url":"https:\/\/dem-scm.com\/wp-content\/uploads\/2025\/05\/Publication-Linkedin-Site-internet-en-construction-moderne-illustration-bleu.png","type":"image\/png"}],"twitter_card":"summary_large_image","twitter_misc":{"Dur\u00e9e de lecture estim\u00e9e":"1 minute"},"schema":{"@context":"https:\/\/schema.org","@graph":[{"@type":"WebPage","@id":"https:\/\/dem-scm.com\/index.php\/conservation-de-patrimoine\/","url":"https:\/\/dem-scm.com\/index.php\/conservation-de-patrimoine\/","name":"Conservation de patrimoine - SCM-D\u00e9m\u00e9nagement","isPartOf":{"@id":"https:\/\/dem-scm.com\/#website"},"primaryImageOfPage":{"@id":"https:\/\/dem-scm.com\/index.php\/conservation-de-patrimoine\/#primaryimage"},"image":{"@id":"https:\/\/dem-scm.com\/index.php\/conservation-de-patrimoine\/#primaryimage"},"thumbnailUrl":"https:\/\/dem-scm.com\/wp-content\/uploads\/2025\/05\/Publication-Linkedin-Site-internet-en-construction-moderne-illustration-bleu-1024x1024.png","datePublished":"2025-04-24T16:59:06+00:00","dateModified":"2025-05-19T13:17:42+00:00","description":"SCM-D\u00e9m\u00e9nagement est fort d'une expertise reconnue dans la gestion et la protection de biens pr\u00e9cieux pour pr\u00e9server vos actifs","breadcrumb":{"@id":"https:\/\/dem-scm.com\/index.php\/conservation-de-patrimoine\/#breadcrumb"},"inLanguage":"fr-FR","potentialAction":[{"@type":"ReadAction","target":["https:\/\/dem-scm.com\/index.php\/conservation-de-patrimoine\/"]}]},{"@type":"ImageObject","inLanguage":"fr-FR","@id":"https:\/\/dem-scm.com\/index.php\/conservation-de-patrimoine\/#primaryimage","url":"https:\/\/dem-scm.com\/wp-content\/uploads\/2025\/05\/Publication-Linkedin-Site-internet-en-construction-moderne-illustration-bleu.png","contentUrl":"https:\/\/dem-scm.com\/wp-content\/uploads\/2025\/05\/Publication-Linkedin-Site-internet-en-construction-moderne-illustration-bleu.png","width":1200,"height":1200},{"@type":"BreadcrumbList","@id":"https:\/\/dem-scm.com\/index.php\/conservation-de-patrimoine\/#breadcrumb","itemListElement":[{"@type":"ListItem","position":1,"name":"Accueil","item":"https:\/\/dem-scm.com\/"},{"@type":"ListItem","position":2,"name":"Conservation de patrimoine"}]},{"@type":"WebSite","@id":"https:\/\/dem-scm.com\/#website","url":"https:\/\/dem-scm.com\/","name":"SCM-D\u00e9m\u00e9nagement","description":"Soci\u00e9t\u00e9 de d\u00e9m\u00e9nagement pour professionnel et particulier \u00e0 Paris et en \u00cele-de-France","publisher":{"@id":"https:\/\/dem-scm.com\/#organization"},"potentialAction":[{"@type":"SearchAction","target":{"@type":"EntryPoint","urlTemplate":"https:\/\/dem-scm.com\/?s={search_term_string}"},"query-input":{"@type":"PropertyValueSpecification","valueRequired":true,"valueName":"search_term_string"}}],"inLanguage":"fr-FR"},{"@type":"Organization","@id":"https:\/\/dem-scm.com\/#organization","name":"SCM-D\u00e9m\u00e9nagement","url":"https:\/\/dem-scm.com\/","logo":{"@type":"ImageObject","inLanguage":"fr-FR","@id":"https:\/\/dem-scm.com\/#\/schema\/logo\/image\/","url":"https:\/\/dem-scm.com\/wp-content\/uploads\/2025\/04\/cropped-scm-demengament-1.png","contentUrl":"https:\/\/dem-scm.com\/wp-content\/uploads\/2025\/04\/cropped-scm-demengament-1.png","width":499,"height":137,"caption":"SCM-D\u00e9m\u00e9nagement"},"image":{"@id":"https:\/\/dem-scm.com\/#\/schema\/logo\/image\/"}}]}},"_links":{"self":[{"href":"https:\/\/dem-scm.com\/index.php\/wp-json\/wp\/v2\/pages\/17","targetHints":{"allow":["GET"]}}],"collection":[{"href":"https:\/\/dem-scm.com\/index.php\/wp-json\/wp\/v2\/pages"}],"about":[{"href":"https:\/\/dem-scm.com\/index.php\/wp-json\/wp\/v2\/types\/page"}],"author":[{"embeddable":true,"href":"https:\/\/dem-scm.com\/index.php\/wp-json\/wp\/v2\/users\/1"}],"replies":[{"embeddable":true,"href":"https:\/\/dem-scm.com\/index.php\/wp-json\/wp\/v2\/comments?post=17"}],"version-history":[{"count":10,"href":"https:\/\/dem-scm.com\/index.php\/wp-json\/wp\/v2\/pages\/17\/revisions"}],"predecessor-version":[{"id":372,"href":"https:\/\/dem-scm.com\/index.php\/wp-json\/wp\/v2\/pages\/17\/revisions\/372"}],"wp:attachment":[{"href":"https:\/\/dem-scm.com\/index.php\/wp-json\/wp\/v2\/media?parent=17"}],"curies":[{"name":"wp","href":"https:\/\/api.w.org\/{rel}","templated":true}]}}