{"id":15,"date":"2025-04-24T18:57:58","date_gmt":"2025-04-24T16:57:58","guid":{"rendered":"http:\/\/swtabxr.cluster100.hosting.ovh.net\/?page_id=15"},"modified":"2025-05-05T10:35:22","modified_gmt":"2025-05-05T08:35:22","slug":"garde-meubles-stockage","status":"publish","type":"page","link":"https:\/\/dem-scm.com\/index.php\/garde-meubles-stockage\/","title":{"rendered":"Garde-meubles"},"content":{"rendered":"\t\t<div data-elementor-type=\"wp-page\" data-elementor-id=\"15\" class=\"elementor elementor-15\">\n\t\t\t\t<div class=\"elementor-element elementor-element-8770f9c e-flex e-con-boxed e-con e-parent\" data-id=\"8770f9c\" data-element_type=\"container\" data-e-type=\"container\" data-settings=\"{&quot;background_background&quot;:&quot;classic&quot;}\">\n\t\t\t\t\t<div class=\"e-con-inner\">\n\t\t<div class=\"elementor-element elementor-element-7fbbfae e-con-full e-flex e-con e-child\" data-id=\"7fbbfae\" data-element_type=\"container\" data-e-type=\"container\">\n\t\t\t\t<div class=\"elementor-element elementor-element-bcb3018 elementor-widget elementor-widget-image\" data-id=\"bcb3018\" data-element_type=\"widget\" data-e-type=\"widget\" data-widget_type=\"image.default\">\n\t\t\t\t<div class=\"elementor-widget-container\">\n\t\t\t\t\t\t\t\t\t\t\t\t\t\t\t<img fetchpriority=\"high\" decoding=\"async\" width=\"800\" height=\"533\" src=\"https:\/\/dem-scm.com\/wp-content\/uploads\/2025\/04\/demenagement-entrepot.jpg\" class=\"attachment-large size-large wp-image-99\" alt=\"\" srcset=\"https:\/\/dem-scm.com\/wp-content\/uploads\/2025\/04\/demenagement-entrepot.jpg 800w, https:\/\/dem-scm.com\/wp-content\/uploads\/2025\/04\/demenagement-entrepot-300x200.jpg 300w, https:\/\/dem-scm.com\/wp-content\/uploads\/2025\/04\/demenagement-entrepot-768x512.jpg 768w\" sizes=\"(max-width: 800px) 100vw, 800px\" \/>\t\t\t\t\t\t\t\t\t\t\t\t\t\t\t<\/div>\n\t\t\t\t<\/div>\n\t\t\t\t<\/div>\n\t\t<div class=\"elementor-element elementor-element-c25a807 e-con-full e-flex e-con e-child\" data-id=\"c25a807\" data-element_type=\"container\" data-e-type=\"container\">\n\t\t\t\t<div class=\"elementor-element elementor-element-7b1e452 elementor-widget elementor-widget-text-editor\" data-id=\"7b1e452\" data-element_type=\"widget\" data-e-type=\"widget\" data-widget_type=\"text-editor.default\">\n\t\t\t\t<div class=\"elementor-widget-container\">\n\t\t\t\t\t\t\t\t\t<p>Lors d\u2019un d\u00e9part \u00e0 l\u2019\u00e9tranger, d\u2019une mutation professionnelle ou d\u2019un simple d\u00e9m\u00e9nagement, il n\u2019est pas toujours facile d\u2019emporter tous ses biens. SCM-D\u00e9m\u00e9nagement vous propose un garde-meubles pour stocker tous vos type de biens (meubles, archives, etc.) pour une dur\u00e9e ind\u00e9termin\u00e9e. Il faudra simplement nous pr\u00e9venir 48h \u00e0 l\u2019avance pour r\u00e9server votre garde-meubles.<\/p><p>SCM-D\u00e9m\u00e9nagement se rend \u00e0 votre domicile et vous aide \u00e0 emballer soigneusement vos meubles et \u00e0 les transf\u00e9rer en container. Celui-ci sera ensuite scell\u00e9 ou plomb\u00e9 puis stock\u00e9 dans une atmosph\u00e8re temp\u00e9r\u00e9e maintenue en permanence. Nous mettons tout en \u0153uvre pour garantir des conditions de stockage optimales pour vos meubles ainsi que vos effets personnels.<\/p><p><strong>Avec notre \u00e9quipe exp\u00e9riment\u00e9e, nous avons la capacit\u00e9 de stocker et approvisionner vos clients selon vos ordres au-del\u00e0 de 300 km.\u00a0<\/strong><\/p><p><strong>Nous vous mettons \u00e0 disposition :<\/strong><\/p><p><strong>Un espace de stockage lin\u00e9aire de 1 \u00e0 1475 m\u00b2<\/strong><br \/><strong>Un espace de rangement privatif \u00e0 l\u2019abri de l\u2019humidit\u00e9<\/strong><br \/><strong>Des conteneurs individuels, s\u00e9curis\u00e9s et plomb\u00e9s.<\/strong><\/p><p><strong>Notre garde-meubles, flexible et s\u00e9curis\u00e9, peut \u00eatre la solution \u00e0 vos probl\u00e8mes de stockage.<\/strong><\/p>\t\t\t\t\t\t\t\t<\/div>\n\t\t\t\t<\/div>\n\t\t\t\t<\/div>\n\t\t\t\t\t<\/div>\n\t\t\t\t<\/div>\n\t\t\t\t<\/div>\n\t\t","protected":false},"excerpt":{"rendered":"<p>Lors d\u2019un d\u00e9part \u00e0 l\u2019\u00e9tranger, d\u2019une mutation professionnelle ou d\u2019un simple d\u00e9m\u00e9nagement, il n\u2019est pas toujours facile d\u2019emporter tous ses biens. SCM-D\u00e9m\u00e9nagement vous propose un garde-meubles pour stocker tous vos type de biens (meubles, archives, etc.) pour une dur\u00e9e ind\u00e9termin\u00e9e. Il faudra simplement nous pr\u00e9venir 48h \u00e0 l\u2019avance pour r\u00e9server votre garde-meubles. SCM-D\u00e9m\u00e9nagement se rend [&hellip;]<\/p>\n","protected":false},"author":1,"featured_media":0,"parent":0,"menu_order":0,"comment_status":"closed","ping_status":"closed","template":"","meta":{"ocean_post_layout":"","ocean_both_sidebars_style":"","ocean_both_sidebars_content_width":0,"ocean_both_sidebars_sidebars_width":0,"ocean_sidebar":"","ocean_second_sidebar":"","ocean_disable_margins":"enable","ocean_add_body_class":"","ocean_shortcode_before_top_bar":"","ocean_shortcode_after_top_bar":"","ocean_shortcode_before_header":"","ocean_shortcode_after_header":"","ocean_has_shortcode":"","ocean_shortcode_after_title":"","ocean_shortcode_before_footer_widgets":"","ocean_shortcode_after_footer_widgets":"","ocean_shortcode_before_footer_bottom":"","ocean_shortcode_after_footer_bottom":"","ocean_display_top_bar":"default","ocean_display_header":"default","ocean_header_style":"","ocean_center_header_left_menu":"","ocean_custom_header_template":"","ocean_custom_logo":0,"ocean_custom_retina_logo":0,"ocean_custom_logo_max_width":0,"ocean_custom_logo_tablet_max_width":0,"ocean_custom_logo_mobile_max_width":0,"ocean_custom_logo_max_height":0,"ocean_custom_logo_tablet_max_height":0,"ocean_custom_logo_mobile_max_height":0,"ocean_header_custom_menu":"","ocean_menu_typo_font_family":"","ocean_menu_typo_font_subset":"","ocean_menu_typo_font_size":0,"ocean_menu_typo_font_size_tablet":0,"ocean_menu_typo_font_size_mobile":0,"ocean_menu_typo_font_size_unit":"px","ocean_menu_typo_font_weight":"","ocean_menu_typo_font_weight_tablet":"","ocean_menu_typo_font_weight_mobile":"","ocean_menu_typo_transform":"","ocean_menu_typo_transform_tablet":"","ocean_menu_typo_transform_mobile":"","ocean_menu_typo_line_height":0,"ocean_menu_typo_line_height_tablet":0,"ocean_menu_typo_line_height_mobile":0,"ocean_menu_typo_line_height_unit":"","ocean_menu_typo_spacing":0,"ocean_menu_typo_spacing_tablet":0,"ocean_menu_typo_spacing_mobile":0,"ocean_menu_typo_spacing_unit":"","ocean_menu_link_color":"","ocean_menu_link_color_hover":"","ocean_menu_link_color_active":"","ocean_menu_link_background":"","ocean_menu_link_hover_background":"","ocean_menu_link_active_background":"","ocean_menu_social_links_bg":"","ocean_menu_social_hover_links_bg":"","ocean_menu_social_links_color":"","ocean_menu_social_hover_links_color":"","ocean_disable_title":"default","ocean_disable_heading":"default","ocean_post_title":"","ocean_post_subheading":"","ocean_post_title_style":"","ocean_post_title_background_color":"","ocean_post_title_background":0,"ocean_post_title_bg_image_position":"","ocean_post_title_bg_image_attachment":"","ocean_post_title_bg_image_repeat":"","ocean_post_title_bg_image_size":"","ocean_post_title_height":0,"ocean_post_title_bg_overlay":0.5,"ocean_post_title_bg_overlay_color":"","ocean_disable_breadcrumbs":"default","ocean_breadcrumbs_color":"","ocean_breadcrumbs_separator_color":"","ocean_breadcrumbs_links_color":"","ocean_breadcrumbs_links_hover_color":"","ocean_display_footer_widgets":"default","ocean_display_footer_bottom":"default","ocean_custom_footer_template":"","_joinchat":[],"footnotes":""},"class_list":["post-15","page","type-page","status-publish","hentry","entry"],"yoast_head":"<!-- This site is optimized with the Yoast SEO plugin v26.0 - https:\/\/yoast.com\/wordpress\/plugins\/seo\/ -->\n<title>Garde-meubles - SCM-D\u00e9m\u00e9nagement<\/title>\n<meta name=\"description\" content=\"Nous assurons la gestion de stockage et l\u2019approvisionnement de vos clients gr\u00e2ce \u00e0 notre \u00e9quipe exp\u00e9riment\u00e9e et notre lin\u00e9aire de 1475 m2\" \/>\n<meta name=\"robots\" content=\"index, follow, max-snippet:-1, max-image-preview:large, max-video-preview:-1\" \/>\n<link rel=\"canonical\" href=\"https:\/\/dem-scm.com\/index.php\/garde-meubles-stockage\/\" \/>\n<meta property=\"og:locale\" content=\"fr_FR\" \/>\n<meta property=\"og:type\" content=\"article\" \/>\n<meta property=\"og:title\" content=\"Garde-meubles - SCM-D\u00e9m\u00e9nagement\" \/>\n<meta property=\"og:description\" content=\"Nous assurons la gestion de stockage et l\u2019approvisionnement de vos clients gr\u00e2ce \u00e0 notre \u00e9quipe exp\u00e9riment\u00e9e et notre lin\u00e9aire de 1475 m2\" \/>\n<meta property=\"og:url\" content=\"https:\/\/dem-scm.com\/index.php\/garde-meubles-stockage\/\" \/>\n<meta property=\"og:site_name\" content=\"SCM-D\u00e9m\u00e9nagement\" \/>\n<meta property=\"article:modified_time\" content=\"2025-05-05T08:35:22+00:00\" \/>\n<meta property=\"og:image\" content=\"http:\/\/swtabxr.cluster100.hosting.ovh.net\/wp-content\/uploads\/2025\/04\/demenagement-entrepot.jpg\" \/>\n<meta name=\"twitter:card\" content=\"summary_large_image\" \/>\n<meta name=\"twitter:label1\" content=\"Dur\u00e9e de lecture estim\u00e9e\" \/>\n\t<meta name=\"twitter:data1\" content=\"2 minutes\" \/>\n<script type=\"application\/ld+json\" class=\"yoast-schema-graph\">{\"@context\":\"https:\/\/schema.org\",\"@graph\":[{\"@type\":\"WebPage\",\"@id\":\"https:\/\/dem-scm.com\/index.php\/garde-meubles-stockage\/\",\"url\":\"https:\/\/dem-scm.com\/index.php\/garde-meubles-stockage\/\",\"name\":\"Garde-meubles - SCM-D\u00e9m\u00e9nagement\",\"isPartOf\":{\"@id\":\"https:\/\/dem-scm.com\/#website\"},\"primaryImageOfPage\":{\"@id\":\"https:\/\/dem-scm.com\/index.php\/garde-meubles-stockage\/#primaryimage\"},\"image\":{\"@id\":\"https:\/\/dem-scm.com\/index.php\/garde-meubles-stockage\/#primaryimage\"},\"thumbnailUrl\":\"http:\/\/swtabxr.cluster100.hosting.ovh.net\/wp-content\/uploads\/2025\/04\/demenagement-entrepot.jpg\",\"datePublished\":\"2025-04-24T16:57:58+00:00\",\"dateModified\":\"2025-05-05T08:35:22+00:00\",\"description\":\"Nous assurons la gestion de stockage et l\u2019approvisionnement de vos clients gr\u00e2ce \u00e0 notre \u00e9quipe exp\u00e9riment\u00e9e et notre lin\u00e9aire de 1475 m2\",\"breadcrumb\":{\"@id\":\"https:\/\/dem-scm.com\/index.php\/garde-meubles-stockage\/#breadcrumb\"},\"inLanguage\":\"fr-FR\",\"potentialAction\":[{\"@type\":\"ReadAction\",\"target\":[\"https:\/\/dem-scm.com\/index.php\/garde-meubles-stockage\/\"]}]},{\"@type\":\"ImageObject\",\"inLanguage\":\"fr-FR\",\"@id\":\"https:\/\/dem-scm.com\/index.php\/garde-meubles-stockage\/#primaryimage\",\"url\":\"http:\/\/swtabxr.cluster100.hosting.ovh.net\/wp-content\/uploads\/2025\/04\/demenagement-entrepot.jpg\",\"contentUrl\":\"http:\/\/swtabxr.cluster100.hosting.ovh.net\/wp-content\/uploads\/2025\/04\/demenagement-entrepot.jpg\"},{\"@type\":\"BreadcrumbList\",\"@id\":\"https:\/\/dem-scm.com\/index.php\/garde-meubles-stockage\/#breadcrumb\",\"itemListElement\":[{\"@type\":\"ListItem\",\"position\":1,\"name\":\"Accueil\",\"item\":\"https:\/\/dem-scm.com\/\"},{\"@type\":\"ListItem\",\"position\":2,\"name\":\"Garde-meubles\"}]},{\"@type\":\"WebSite\",\"@id\":\"https:\/\/dem-scm.com\/#website\",\"url\":\"https:\/\/dem-scm.com\/\",\"name\":\"SCM-D\u00e9m\u00e9nagement\",\"description\":\"Soci\u00e9t\u00e9 de d\u00e9m\u00e9nagement pour professionnel et particulier \u00e0 Paris et en \u00cele-de-France\",\"publisher\":{\"@id\":\"https:\/\/dem-scm.com\/#organization\"},\"potentialAction\":[{\"@type\":\"SearchAction\",\"target\":{\"@type\":\"EntryPoint\",\"urlTemplate\":\"https:\/\/dem-scm.com\/?s={search_term_string}\"},\"query-input\":{\"@type\":\"PropertyValueSpecification\",\"valueRequired\":true,\"valueName\":\"search_term_string\"}}],\"inLanguage\":\"fr-FR\"},{\"@type\":\"Organization\",\"@id\":\"https:\/\/dem-scm.com\/#organization\",\"name\":\"SCM-D\u00e9m\u00e9nagement\",\"url\":\"https:\/\/dem-scm.com\/\",\"logo\":{\"@type\":\"ImageObject\",\"inLanguage\":\"fr-FR\",\"@id\":\"https:\/\/dem-scm.com\/#\/schema\/logo\/image\/\",\"url\":\"https:\/\/dem-scm.com\/wp-content\/uploads\/2025\/04\/cropped-scm-demengament-1.png\",\"contentUrl\":\"https:\/\/dem-scm.com\/wp-content\/uploads\/2025\/04\/cropped-scm-demengament-1.png\",\"width\":499,\"height\":137,\"caption\":\"SCM-D\u00e9m\u00e9nagement\"},\"image\":{\"@id\":\"https:\/\/dem-scm.com\/#\/schema\/logo\/image\/\"}}]}<\/script>\n<!-- \/ Yoast SEO plugin. -->","yoast_head_json":{"title":"Garde-meubles - SCM-D\u00e9m\u00e9nagement","description":"Nous assurons la gestion de stockage et l\u2019approvisionnement de vos clients gr\u00e2ce \u00e0 notre \u00e9quipe exp\u00e9riment\u00e9e et notre lin\u00e9aire de 1475 m2","robots":{"index":"index","follow":"follow","max-snippet":"max-snippet:-1","max-image-preview":"max-image-preview:large","max-video-preview":"max-video-preview:-1"},"canonical":"https:\/\/dem-scm.com\/index.php\/garde-meubles-stockage\/","og_locale":"fr_FR","og_type":"article","og_title":"Garde-meubles - SCM-D\u00e9m\u00e9nagement","og_description":"Nous assurons la gestion de stockage et l\u2019approvisionnement de vos clients gr\u00e2ce \u00e0 notre \u00e9quipe exp\u00e9riment\u00e9e et notre lin\u00e9aire de 1475 m2","og_url":"https:\/\/dem-scm.com\/index.php\/garde-meubles-stockage\/","og_site_name":"SCM-D\u00e9m\u00e9nagement","article_modified_time":"2025-05-05T08:35:22+00:00","og_image":[{"url":"http:\/\/swtabxr.cluster100.hosting.ovh.net\/wp-content\/uploads\/2025\/04\/demenagement-entrepot.jpg","type":"","width":"","height":""}],"twitter_card":"summary_large_image","twitter_misc":{"Dur\u00e9e de lecture estim\u00e9e":"2 minutes"},"schema":{"@context":"https:\/\/schema.org","@graph":[{"@type":"WebPage","@id":"https:\/\/dem-scm.com\/index.php\/garde-meubles-stockage\/","url":"https:\/\/dem-scm.com\/index.php\/garde-meubles-stockage\/","name":"Garde-meubles - SCM-D\u00e9m\u00e9nagement","isPartOf":{"@id":"https:\/\/dem-scm.com\/#website"},"primaryImageOfPage":{"@id":"https:\/\/dem-scm.com\/index.php\/garde-meubles-stockage\/#primaryimage"},"image":{"@id":"https:\/\/dem-scm.com\/index.php\/garde-meubles-stockage\/#primaryimage"},"thumbnailUrl":"http:\/\/swtabxr.cluster100.hosting.ovh.net\/wp-content\/uploads\/2025\/04\/demenagement-entrepot.jpg","datePublished":"2025-04-24T16:57:58+00:00","dateModified":"2025-05-05T08:35:22+00:00","description":"Nous assurons la gestion de stockage et l\u2019approvisionnement de vos clients gr\u00e2ce \u00e0 notre \u00e9quipe exp\u00e9riment\u00e9e et notre lin\u00e9aire de 1475 m2","breadcrumb":{"@id":"https:\/\/dem-scm.com\/index.php\/garde-meubles-stockage\/#breadcrumb"},"inLanguage":"fr-FR","potentialAction":[{"@type":"ReadAction","target":["https:\/\/dem-scm.com\/index.php\/garde-meubles-stockage\/"]}]},{"@type":"ImageObject","inLanguage":"fr-FR","@id":"https:\/\/dem-scm.com\/index.php\/garde-meubles-stockage\/#primaryimage","url":"http:\/\/swtabxr.cluster100.hosting.ovh.net\/wp-content\/uploads\/2025\/04\/demenagement-entrepot.jpg","contentUrl":"http:\/\/swtabxr.cluster100.hosting.ovh.net\/wp-content\/uploads\/2025\/04\/demenagement-entrepot.jpg"},{"@type":"BreadcrumbList","@id":"https:\/\/dem-scm.com\/index.php\/garde-meubles-stockage\/#breadcrumb","itemListElement":[{"@type":"ListItem","position":1,"name":"Accueil","item":"https:\/\/dem-scm.com\/"},{"@type":"ListItem","position":2,"name":"Garde-meubles"}]},{"@type":"WebSite","@id":"https:\/\/dem-scm.com\/#website","url":"https:\/\/dem-scm.com\/","name":"SCM-D\u00e9m\u00e9nagement","description":"Soci\u00e9t\u00e9 de d\u00e9m\u00e9nagement pour professionnel et particulier \u00e0 Paris et en \u00cele-de-France","publisher":{"@id":"https:\/\/dem-scm.com\/#organization"},"potentialAction":[{"@type":"SearchAction","target":{"@type":"EntryPoint","urlTemplate":"https:\/\/dem-scm.com\/?s={search_term_string}"},"query-input":{"@type":"PropertyValueSpecification","valueRequired":true,"valueName":"search_term_string"}}],"inLanguage":"fr-FR"},{"@type":"Organization","@id":"https:\/\/dem-scm.com\/#organization","name":"SCM-D\u00e9m\u00e9nagement","url":"https:\/\/dem-scm.com\/","logo":{"@type":"ImageObject","inLanguage":"fr-FR","@id":"https:\/\/dem-scm.com\/#\/schema\/logo\/image\/","url":"https:\/\/dem-scm.com\/wp-content\/uploads\/2025\/04\/cropped-scm-demengament-1.png","contentUrl":"https:\/\/dem-scm.com\/wp-content\/uploads\/2025\/04\/cropped-scm-demengament-1.png","width":499,"height":137,"caption":"SCM-D\u00e9m\u00e9nagement"},"image":{"@id":"https:\/\/dem-scm.com\/#\/schema\/logo\/image\/"}}]}},"_links":{"self":[{"href":"https:\/\/dem-scm.com\/index.php\/wp-json\/wp\/v2\/pages\/15","targetHints":{"allow":["GET"]}}],"collection":[{"href":"https:\/\/dem-scm.com\/index.php\/wp-json\/wp\/v2\/pages"}],"about":[{"href":"https:\/\/dem-scm.com\/index.php\/wp-json\/wp\/v2\/types\/page"}],"author":[{"embeddable":true,"href":"https:\/\/dem-scm.com\/index.php\/wp-json\/wp\/v2\/users\/1"}],"replies":[{"embeddable":true,"href":"https:\/\/dem-scm.com\/index.php\/wp-json\/wp\/v2\/comments?post=15"}],"version-history":[{"count":19,"href":"https:\/\/dem-scm.com\/index.php\/wp-json\/wp\/v2\/pages\/15\/revisions"}],"predecessor-version":[{"id":253,"href":"https:\/\/dem-scm.com\/index.php\/wp-json\/wp\/v2\/pages\/15\/revisions\/253"}],"wp:attachment":[{"href":"https:\/\/dem-scm.com\/index.php\/wp-json\/wp\/v2\/media?parent=15"}],"curies":[{"name":"wp","href":"https:\/\/api.w.org\/{rel}","templated":true}]}}