{"id":13,"date":"2025-04-24T18:56:55","date_gmt":"2025-04-24T16:56:55","guid":{"rendered":"http:\/\/swtabxr.cluster100.hosting.ovh.net\/?page_id=13"},"modified":"2025-05-19T15:20:44","modified_gmt":"2025-05-19T13:20:44","slug":"transfert-dentreprise-accompagnement","status":"publish","type":"page","link":"https:\/\/dem-scm.com\/index.php\/transfert-dentreprise-accompagnement\/","title":{"rendered":"Transfert d&rsquo;entreprise"},"content":{"rendered":"\t\t<div data-elementor-type=\"wp-page\" data-elementor-id=\"13\" class=\"elementor elementor-13\">\n\t\t\t\t<div class=\"elementor-element elementor-element-ff2fdbf e-flex e-con-boxed e-con e-parent\" data-id=\"ff2fdbf\" data-element_type=\"container\" data-e-type=\"container\">\n\t\t\t\t\t<div class=\"e-con-inner\">\n\t\t<div class=\"elementor-element elementor-element-faa78f9 e-con-full e-flex e-con e-child\" data-id=\"faa78f9\" data-element_type=\"container\" data-e-type=\"container\">\n\t\t\t\t<div class=\"elementor-element elementor-element-1a11040 elementor-widget elementor-widget-image\" data-id=\"1a11040\" data-element_type=\"widget\" data-e-type=\"widget\" data-widget_type=\"image.default\">\n\t\t\t\t<div class=\"elementor-widget-container\">\n\t\t\t\t\t\t\t\t\t\t\t\t\t\t\t<img fetchpriority=\"high\" decoding=\"async\" width=\"1024\" height=\"1024\" src=\"https:\/\/dem-scm.com\/wp-content\/uploads\/2025\/05\/Publication-Linkedin-Site-internet-en-construction-moderne-illustration-bleu-1024x1024.png\" class=\"attachment-large size-large wp-image-369\" alt=\"\" srcset=\"https:\/\/dem-scm.com\/wp-content\/uploads\/2025\/05\/Publication-Linkedin-Site-internet-en-construction-moderne-illustration-bleu-1024x1024.png 1024w, https:\/\/dem-scm.com\/wp-content\/uploads\/2025\/05\/Publication-Linkedin-Site-internet-en-construction-moderne-illustration-bleu-300x300.png 300w, https:\/\/dem-scm.com\/wp-content\/uploads\/2025\/05\/Publication-Linkedin-Site-internet-en-construction-moderne-illustration-bleu-150x150.png 150w, https:\/\/dem-scm.com\/wp-content\/uploads\/2025\/05\/Publication-Linkedin-Site-internet-en-construction-moderne-illustration-bleu-768x768.png 768w, https:\/\/dem-scm.com\/wp-content\/uploads\/2025\/05\/Publication-Linkedin-Site-internet-en-construction-moderne-illustration-bleu-600x600.png 600w, https:\/\/dem-scm.com\/wp-content\/uploads\/2025\/05\/Publication-Linkedin-Site-internet-en-construction-moderne-illustration-bleu.png 1200w\" sizes=\"(max-width: 1024px) 100vw, 1024px\" \/>\t\t\t\t\t\t\t\t\t\t\t\t\t\t\t<\/div>\n\t\t\t\t<\/div>\n\t\t\t\t<\/div>\n\t\t<div class=\"elementor-element elementor-element-a7e3a94 e-con-full e-flex e-con e-child\" data-id=\"a7e3a94\" data-element_type=\"container\" data-e-type=\"container\">\n\t\t\t\t<div class=\"elementor-element elementor-element-3e4244e elementor-widget elementor-widget-text-editor\" data-id=\"3e4244e\" data-element_type=\"widget\" data-e-type=\"widget\" data-widget_type=\"text-editor.default\">\n\t\t\t\t<div class=\"elementor-widget-container\">\n\t\t\t\t\t\t\t\t\t<p>Une entreprise, un labo peut d\u00e9cider de d\u00e9m\u00e9nager des bureaux pour diff\u00e9rentes raisons. Mais cette op\u00e9ration est d\u00e9licate et n\u00e9cessite une bonne organisation.<\/p>\n<p>Experts du d\u00e9m\u00e9nagement, SCM-D\u00e9m\u00e9nagement met son savoir-faire et son exp\u00e9rience au service de votre mobilit\u00e9 g\u00e9ographique.<\/p>\n<p>Tout comme pour les d\u00e9m\u00e9nagements de particuliers, nous r\u00e9alisons \u00e9galement des transferts d\u2019entreprises et de bureaux sur Paris et dans toute la France. Nous vous accompagnons dans toutes les \u00e9tapes de votre projet afin que votre d\u00e9m\u00e9nagement puisse se faire dans les meilleures conditions.Un d\u00e9m\u00e9nagement d\u2019entreprise et de bureaux rapide et efficace.<br>Tout d\u00e9m\u00e9nagement doit \u00eatre planifi\u00e9 \u00e0 l\u2019avance pour \u00e9viter les soucis pendant le processus. C\u2019est encore plus vrai pour un d\u00e9m\u00e9nagement d\u2019entreprises.<\/p>\n<p>En effet, si le transfert est r\u00e9ussi, vos collaborateurs pourront reprendre rapidement leurs habitudes de travail au sein du nouvel \u00e9tablissement. Dans le cas contraire, cela peut avoir des impacts n\u00e9gatifs sur les activit\u00e9s de l\u2019entreprise. C\u2019est pourquoi SCM-D\u00e9m\u00e9nagement met tout en \u0153uvre (moyens techniques et humains) pour vous fournir un service de qualit\u00e9, afin de minimiser la perte de productivit\u00e9 de votre entreprise.<\/p>\n<p><strong>Organisation minutieuse du transfert :<\/strong> planification, gestion, acheminement\u2026<br>Nous pr\u00e9parons en d\u00e9tail les diff\u00e9rentes \u00e9tapes de votre d\u00e9m\u00e9nagement :<\/p>\n<p><strong>Identification des besoins :<\/strong> une \u00e9tude en amont est r\u00e9alis\u00e9e pour identifier vos besoins et r\u00e9aliser le cahier des charges, mentionnant vos attentes et contraintes, etc.<br><strong>Planification de l\u2019op\u00e9ration :<\/strong> pour assurer le bon d\u00e9roulement du d\u00e9m\u00e9nagement, nous planifions avec vous un plan d\u2019actions adapt\u00e9 \u00e0 votre demande et d\u00e9lai.<br><strong>Pr\u00e9paration du transfert :<\/strong> bien pr\u00e9parer le d\u00e9m\u00e9nagement avec l\u2019entreprise est important, surtout s\u2019il y a beaucoup d\u2019\u00e9l\u00e9ments \u00e0 prendre en compte. Une bonne organisation des archives et du mobilier permet d\u2019\u00eatre plus efficace lors du chargement et d\u00e9chargement.<br><strong>R\u00e9alisation du d\u00e9m\u00e9nagement :<\/strong> notre \u00e9quipe de d\u00e9m\u00e9nageurs achemine vos meubles et archives vers le nouveau lieu et s\u2019assurera du bon d\u00e9roulement du transfert.<br>Nous nous adaptons pour vous proposer un service personnalis\u00e9 en fonction de vos n\u00e9cessit\u00e9s.<\/p>\n<p><strong>Comment bien organiser le d\u00e9m\u00e9nagement professionnel ?<\/strong><\/p>\n<p>Quelques semaines avant le d\u00e9m\u00e9nagement, il est recommand\u00e9 de faire un inventaire de tous vos \u00e9quipements (meubles, ordinateurs, imprimantes, documents, etc.). Cela peut \u00e9galement \u00eatre l\u2019occasion de trier les \u00e9l\u00e9ments obsol\u00e8tes dont vous souhaitez vous d\u00e9barrasser.<\/p>\n<p>Il est \u00e9galement conseill\u00e9 d\u2019\u00e9tiqueter vos emballages et cartons sur le contenu, la pi\u00e8ce de destination et le nom du propri\u00e9taire. Cela facilitera le d\u00e9m\u00e9nagement et vous gagnerez du temps lors du d\u00e9ballage dans vos nouveaux locaux.<\/p>\n<p><strong>Pourquoi faire appel \u00e0 des professionnels ?<\/strong><\/p>\n<p>Un d\u00e9m\u00e9nagement d\u2019entreprise n\u00e9cessite d\u2019\u00eatre efficace pour ne pas retarder votre activit\u00e9. Nos d\u00e9m\u00e9nageurs sont des professionnels du m\u00e9tier et sont habitu\u00e9s \u00e0 ces op\u00e9rations. Nous disposons \u00e9galement des moyens mat\u00e9riels pour faciliter le transport, notamment des meubles encombrants en toute s\u00e9curit\u00e9. Nos connaissances permettent une manutention ma\u00eetris\u00e9e et vous permet de reprendre rapidement votre activit\u00e9.<\/p>\n<p><strong>Vous pr\u00e9voyez de d\u00e9m\u00e9nager vos bureaux ?<\/strong><\/p>\n<p>SCM-D\u00e9m\u00e9nagement peut vous aider \u00e0 r\u00e9aliser ce projet. N\u2019h\u00e9sitez pas \u00e0 nous contacter pour demander un devis gratuit et obtenir des conseils de professionnels.<\/p>\t\t\t\t\t\t\t\t<\/div>\n\t\t\t\t<\/div>\n\t\t\t\t<\/div>\n\t\t\t\t\t<\/div>\n\t\t\t\t<\/div>\n\t\t\t\t<\/div>\n\t\t","protected":false},"excerpt":{"rendered":"<p>Une entreprise, un labo peut d\u00e9cider de d\u00e9m\u00e9nager des bureaux pour diff\u00e9rentes raisons. Mais cette op\u00e9ration est d\u00e9licate et n\u00e9cessite une bonne organisation. Experts du d\u00e9m\u00e9nagement, SCM-D\u00e9m\u00e9nagement met son savoir-faire et son exp\u00e9rience au service de votre mobilit\u00e9 g\u00e9ographique. Tout comme pour les d\u00e9m\u00e9nagements de particuliers, nous r\u00e9alisons \u00e9galement des transferts d\u2019entreprises et de bureaux [&hellip;]<\/p>\n","protected":false},"author":1,"featured_media":0,"parent":0,"menu_order":0,"comment_status":"closed","ping_status":"closed","template":"","meta":{"ocean_post_layout":"","ocean_both_sidebars_style":"","ocean_both_sidebars_content_width":0,"ocean_both_sidebars_sidebars_width":0,"ocean_sidebar":"","ocean_second_sidebar":"","ocean_disable_margins":"enable","ocean_add_body_class":"","ocean_shortcode_before_top_bar":"","ocean_shortcode_after_top_bar":"","ocean_shortcode_before_header":"","ocean_shortcode_after_header":"","ocean_has_shortcode":"","ocean_shortcode_after_title":"","ocean_shortcode_before_footer_widgets":"","ocean_shortcode_after_footer_widgets":"","ocean_shortcode_before_footer_bottom":"","ocean_shortcode_after_footer_bottom":"","ocean_display_top_bar":"default","ocean_display_header":"default","ocean_header_style":"","ocean_center_header_left_menu":"","ocean_custom_header_template":"","ocean_custom_logo":0,"ocean_custom_retina_logo":0,"ocean_custom_logo_max_width":0,"ocean_custom_logo_tablet_max_width":0,"ocean_custom_logo_mobile_max_width":0,"ocean_custom_logo_max_height":0,"ocean_custom_logo_tablet_max_height":0,"ocean_custom_logo_mobile_max_height":0,"ocean_header_custom_menu":"","ocean_menu_typo_font_family":"","ocean_menu_typo_font_subset":"","ocean_menu_typo_font_size":0,"ocean_menu_typo_font_size_tablet":0,"ocean_menu_typo_font_size_mobile":0,"ocean_menu_typo_font_size_unit":"px","ocean_menu_typo_font_weight":"","ocean_menu_typo_font_weight_tablet":"","ocean_menu_typo_font_weight_mobile":"","ocean_menu_typo_transform":"","ocean_menu_typo_transform_tablet":"","ocean_menu_typo_transform_mobile":"","ocean_menu_typo_line_height":0,"ocean_menu_typo_line_height_tablet":0,"ocean_menu_typo_line_height_mobile":0,"ocean_menu_typo_line_height_unit":"","ocean_menu_typo_spacing":0,"ocean_menu_typo_spacing_tablet":0,"ocean_menu_typo_spacing_mobile":0,"ocean_menu_typo_spacing_unit":"","ocean_menu_link_color":"","ocean_menu_link_color_hover":"","ocean_menu_link_color_active":"","ocean_menu_link_background":"","ocean_menu_link_hover_background":"","ocean_menu_link_active_background":"","ocean_menu_social_links_bg":"","ocean_menu_social_hover_links_bg":"","ocean_menu_social_links_color":"","ocean_menu_social_hover_links_color":"","ocean_disable_title":"default","ocean_disable_heading":"default","ocean_post_title":"","ocean_post_subheading":"","ocean_post_title_style":"","ocean_post_title_background_color":"","ocean_post_title_background":0,"ocean_post_title_bg_image_position":"","ocean_post_title_bg_image_attachment":"","ocean_post_title_bg_image_repeat":"","ocean_post_title_bg_image_size":"","ocean_post_title_height":0,"ocean_post_title_bg_overlay":0.5,"ocean_post_title_bg_overlay_color":"","ocean_disable_breadcrumbs":"default","ocean_breadcrumbs_color":"","ocean_breadcrumbs_separator_color":"","ocean_breadcrumbs_links_color":"","ocean_breadcrumbs_links_hover_color":"","ocean_display_footer_widgets":"default","ocean_display_footer_bottom":"default","ocean_custom_footer_template":"","_joinchat":[],"footnotes":""},"class_list":["post-13","page","type-page","status-publish","hentry","entry"],"yoast_head":"<!-- This site is optimized with the Yoast SEO plugin v26.0 - https:\/\/yoast.com\/wordpress\/plugins\/seo\/ -->\n<title>Transfert d&#039;entreprise - SCM-D\u00e9m\u00e9nagement<\/title>\n<meta name=\"description\" content=\"SCM-D\u00e9m\u00e9nagement utilise des techniques et des \u00e9quipements modernes pour assurer la s\u00e9curit\u00e9 de vos \u00e9quipements et mobiliers.\" \/>\n<meta name=\"robots\" content=\"index, follow, max-snippet:-1, max-image-preview:large, max-video-preview:-1\" \/>\n<link rel=\"canonical\" href=\"https:\/\/dem-scm.com\/index.php\/transfert-dentreprise-accompagnement\/\" \/>\n<meta property=\"og:locale\" content=\"fr_FR\" \/>\n<meta property=\"og:type\" content=\"article\" \/>\n<meta property=\"og:title\" content=\"Transfert d&#039;entreprise - SCM-D\u00e9m\u00e9nagement\" \/>\n<meta property=\"og:description\" content=\"SCM-D\u00e9m\u00e9nagement utilise des techniques et des \u00e9quipements modernes pour assurer la s\u00e9curit\u00e9 de vos \u00e9quipements et mobiliers.\" \/>\n<meta property=\"og:url\" content=\"https:\/\/dem-scm.com\/index.php\/transfert-dentreprise-accompagnement\/\" \/>\n<meta property=\"og:site_name\" content=\"SCM-D\u00e9m\u00e9nagement\" \/>\n<meta property=\"article:modified_time\" content=\"2025-05-19T13:20:44+00:00\" \/>\n<meta property=\"og:image\" content=\"https:\/\/dem-scm.com\/wp-content\/uploads\/2025\/05\/Publication-Linkedin-Site-internet-en-construction-moderne-illustration-bleu.png\" \/>\n\t<meta property=\"og:image:width\" content=\"1200\" \/>\n\t<meta property=\"og:image:height\" content=\"1200\" \/>\n\t<meta property=\"og:image:type\" content=\"image\/png\" \/>\n<meta name=\"twitter:card\" content=\"summary_large_image\" \/>\n<meta name=\"twitter:label1\" content=\"Dur\u00e9e de lecture estim\u00e9e\" \/>\n\t<meta name=\"twitter:data1\" content=\"3 minutes\" \/>\n<script type=\"application\/ld+json\" class=\"yoast-schema-graph\">{\"@context\":\"https:\/\/schema.org\",\"@graph\":[{\"@type\":\"WebPage\",\"@id\":\"https:\/\/dem-scm.com\/index.php\/transfert-dentreprise-accompagnement\/\",\"url\":\"https:\/\/dem-scm.com\/index.php\/transfert-dentreprise-accompagnement\/\",\"name\":\"Transfert d'entreprise - SCM-D\u00e9m\u00e9nagement\",\"isPartOf\":{\"@id\":\"https:\/\/dem-scm.com\/#website\"},\"primaryImageOfPage\":{\"@id\":\"https:\/\/dem-scm.com\/index.php\/transfert-dentreprise-accompagnement\/#primaryimage\"},\"image\":{\"@id\":\"https:\/\/dem-scm.com\/index.php\/transfert-dentreprise-accompagnement\/#primaryimage\"},\"thumbnailUrl\":\"https:\/\/dem-scm.com\/wp-content\/uploads\/2025\/05\/Publication-Linkedin-Site-internet-en-construction-moderne-illustration-bleu-1024x1024.png\",\"datePublished\":\"2025-04-24T16:56:55+00:00\",\"dateModified\":\"2025-05-19T13:20:44+00:00\",\"description\":\"SCM-D\u00e9m\u00e9nagement utilise des techniques et des \u00e9quipements modernes pour assurer la s\u00e9curit\u00e9 de vos \u00e9quipements et mobiliers.\",\"breadcrumb\":{\"@id\":\"https:\/\/dem-scm.com\/index.php\/transfert-dentreprise-accompagnement\/#breadcrumb\"},\"inLanguage\":\"fr-FR\",\"potentialAction\":[{\"@type\":\"ReadAction\",\"target\":[\"https:\/\/dem-scm.com\/index.php\/transfert-dentreprise-accompagnement\/\"]}]},{\"@type\":\"ImageObject\",\"inLanguage\":\"fr-FR\",\"@id\":\"https:\/\/dem-scm.com\/index.php\/transfert-dentreprise-accompagnement\/#primaryimage\",\"url\":\"https:\/\/dem-scm.com\/wp-content\/uploads\/2025\/05\/Publication-Linkedin-Site-internet-en-construction-moderne-illustration-bleu.png\",\"contentUrl\":\"https:\/\/dem-scm.com\/wp-content\/uploads\/2025\/05\/Publication-Linkedin-Site-internet-en-construction-moderne-illustration-bleu.png\",\"width\":1200,\"height\":1200},{\"@type\":\"BreadcrumbList\",\"@id\":\"https:\/\/dem-scm.com\/index.php\/transfert-dentreprise-accompagnement\/#breadcrumb\",\"itemListElement\":[{\"@type\":\"ListItem\",\"position\":1,\"name\":\"Accueil\",\"item\":\"https:\/\/dem-scm.com\/\"},{\"@type\":\"ListItem\",\"position\":2,\"name\":\"Transfert d&rsquo;entreprise\"}]},{\"@type\":\"WebSite\",\"@id\":\"https:\/\/dem-scm.com\/#website\",\"url\":\"https:\/\/dem-scm.com\/\",\"name\":\"SCM-D\u00e9m\u00e9nagement\",\"description\":\"Soci\u00e9t\u00e9 de d\u00e9m\u00e9nagement pour professionnel et particulier \u00e0 Paris et en \u00cele-de-France\",\"publisher\":{\"@id\":\"https:\/\/dem-scm.com\/#organization\"},\"potentialAction\":[{\"@type\":\"SearchAction\",\"target\":{\"@type\":\"EntryPoint\",\"urlTemplate\":\"https:\/\/dem-scm.com\/?s={search_term_string}\"},\"query-input\":{\"@type\":\"PropertyValueSpecification\",\"valueRequired\":true,\"valueName\":\"search_term_string\"}}],\"inLanguage\":\"fr-FR\"},{\"@type\":\"Organization\",\"@id\":\"https:\/\/dem-scm.com\/#organization\",\"name\":\"SCM-D\u00e9m\u00e9nagement\",\"url\":\"https:\/\/dem-scm.com\/\",\"logo\":{\"@type\":\"ImageObject\",\"inLanguage\":\"fr-FR\",\"@id\":\"https:\/\/dem-scm.com\/#\/schema\/logo\/image\/\",\"url\":\"https:\/\/dem-scm.com\/wp-content\/uploads\/2025\/04\/cropped-scm-demengament-1.png\",\"contentUrl\":\"https:\/\/dem-scm.com\/wp-content\/uploads\/2025\/04\/cropped-scm-demengament-1.png\",\"width\":499,\"height\":137,\"caption\":\"SCM-D\u00e9m\u00e9nagement\"},\"image\":{\"@id\":\"https:\/\/dem-scm.com\/#\/schema\/logo\/image\/\"}}]}<\/script>\n<!-- \/ Yoast SEO plugin. -->","yoast_head_json":{"title":"Transfert d'entreprise - SCM-D\u00e9m\u00e9nagement","description":"SCM-D\u00e9m\u00e9nagement utilise des techniques et des \u00e9quipements modernes pour assurer la s\u00e9curit\u00e9 de vos \u00e9quipements et mobiliers.","robots":{"index":"index","follow":"follow","max-snippet":"max-snippet:-1","max-image-preview":"max-image-preview:large","max-video-preview":"max-video-preview:-1"},"canonical":"https:\/\/dem-scm.com\/index.php\/transfert-dentreprise-accompagnement\/","og_locale":"fr_FR","og_type":"article","og_title":"Transfert d'entreprise - SCM-D\u00e9m\u00e9nagement","og_description":"SCM-D\u00e9m\u00e9nagement utilise des techniques et des \u00e9quipements modernes pour assurer la s\u00e9curit\u00e9 de vos \u00e9quipements et mobiliers.","og_url":"https:\/\/dem-scm.com\/index.php\/transfert-dentreprise-accompagnement\/","og_site_name":"SCM-D\u00e9m\u00e9nagement","article_modified_time":"2025-05-19T13:20:44+00:00","og_image":[{"width":1200,"height":1200,"url":"https:\/\/dem-scm.com\/wp-content\/uploads\/2025\/05\/Publication-Linkedin-Site-internet-en-construction-moderne-illustration-bleu.png","type":"image\/png"}],"twitter_card":"summary_large_image","twitter_misc":{"Dur\u00e9e de lecture estim\u00e9e":"3 minutes"},"schema":{"@context":"https:\/\/schema.org","@graph":[{"@type":"WebPage","@id":"https:\/\/dem-scm.com\/index.php\/transfert-dentreprise-accompagnement\/","url":"https:\/\/dem-scm.com\/index.php\/transfert-dentreprise-accompagnement\/","name":"Transfert d'entreprise - SCM-D\u00e9m\u00e9nagement","isPartOf":{"@id":"https:\/\/dem-scm.com\/#website"},"primaryImageOfPage":{"@id":"https:\/\/dem-scm.com\/index.php\/transfert-dentreprise-accompagnement\/#primaryimage"},"image":{"@id":"https:\/\/dem-scm.com\/index.php\/transfert-dentreprise-accompagnement\/#primaryimage"},"thumbnailUrl":"https:\/\/dem-scm.com\/wp-content\/uploads\/2025\/05\/Publication-Linkedin-Site-internet-en-construction-moderne-illustration-bleu-1024x1024.png","datePublished":"2025-04-24T16:56:55+00:00","dateModified":"2025-05-19T13:20:44+00:00","description":"SCM-D\u00e9m\u00e9nagement utilise des techniques et des \u00e9quipements modernes pour assurer la s\u00e9curit\u00e9 de vos \u00e9quipements et mobiliers.","breadcrumb":{"@id":"https:\/\/dem-scm.com\/index.php\/transfert-dentreprise-accompagnement\/#breadcrumb"},"inLanguage":"fr-FR","potentialAction":[{"@type":"ReadAction","target":["https:\/\/dem-scm.com\/index.php\/transfert-dentreprise-accompagnement\/"]}]},{"@type":"ImageObject","inLanguage":"fr-FR","@id":"https:\/\/dem-scm.com\/index.php\/transfert-dentreprise-accompagnement\/#primaryimage","url":"https:\/\/dem-scm.com\/wp-content\/uploads\/2025\/05\/Publication-Linkedin-Site-internet-en-construction-moderne-illustration-bleu.png","contentUrl":"https:\/\/dem-scm.com\/wp-content\/uploads\/2025\/05\/Publication-Linkedin-Site-internet-en-construction-moderne-illustration-bleu.png","width":1200,"height":1200},{"@type":"BreadcrumbList","@id":"https:\/\/dem-scm.com\/index.php\/transfert-dentreprise-accompagnement\/#breadcrumb","itemListElement":[{"@type":"ListItem","position":1,"name":"Accueil","item":"https:\/\/dem-scm.com\/"},{"@type":"ListItem","position":2,"name":"Transfert d&rsquo;entreprise"}]},{"@type":"WebSite","@id":"https:\/\/dem-scm.com\/#website","url":"https:\/\/dem-scm.com\/","name":"SCM-D\u00e9m\u00e9nagement","description":"Soci\u00e9t\u00e9 de d\u00e9m\u00e9nagement pour professionnel et particulier \u00e0 Paris et en \u00cele-de-France","publisher":{"@id":"https:\/\/dem-scm.com\/#organization"},"potentialAction":[{"@type":"SearchAction","target":{"@type":"EntryPoint","urlTemplate":"https:\/\/dem-scm.com\/?s={search_term_string}"},"query-input":{"@type":"PropertyValueSpecification","valueRequired":true,"valueName":"search_term_string"}}],"inLanguage":"fr-FR"},{"@type":"Organization","@id":"https:\/\/dem-scm.com\/#organization","name":"SCM-D\u00e9m\u00e9nagement","url":"https:\/\/dem-scm.com\/","logo":{"@type":"ImageObject","inLanguage":"fr-FR","@id":"https:\/\/dem-scm.com\/#\/schema\/logo\/image\/","url":"https:\/\/dem-scm.com\/wp-content\/uploads\/2025\/04\/cropped-scm-demengament-1.png","contentUrl":"https:\/\/dem-scm.com\/wp-content\/uploads\/2025\/04\/cropped-scm-demengament-1.png","width":499,"height":137,"caption":"SCM-D\u00e9m\u00e9nagement"},"image":{"@id":"https:\/\/dem-scm.com\/#\/schema\/logo\/image\/"}}]}},"_links":{"self":[{"href":"https:\/\/dem-scm.com\/index.php\/wp-json\/wp\/v2\/pages\/13","targetHints":{"allow":["GET"]}}],"collection":[{"href":"https:\/\/dem-scm.com\/index.php\/wp-json\/wp\/v2\/pages"}],"about":[{"href":"https:\/\/dem-scm.com\/index.php\/wp-json\/wp\/v2\/types\/page"}],"author":[{"embeddable":true,"href":"https:\/\/dem-scm.com\/index.php\/wp-json\/wp\/v2\/users\/1"}],"replies":[{"embeddable":true,"href":"https:\/\/dem-scm.com\/index.php\/wp-json\/wp\/v2\/comments?post=13"}],"version-history":[{"count":16,"href":"https:\/\/dem-scm.com\/index.php\/wp-json\/wp\/v2\/pages\/13\/revisions"}],"predecessor-version":[{"id":375,"href":"https:\/\/dem-scm.com\/index.php\/wp-json\/wp\/v2\/pages\/13\/revisions\/375"}],"wp:attachment":[{"href":"https:\/\/dem-scm.com\/index.php\/wp-json\/wp\/v2\/media?parent=13"}],"curies":[{"name":"wp","href":"https:\/\/api.w.org\/{rel}","templated":true}]}}